{"id":649,"date":"2017-10-04T04:07:35","date_gmt":"2017-10-04T04:07:35","guid":{"rendered":"https:\/\/www.autosahkoprofessori.fi\/index.php\/contact\/"},"modified":"2025-07-17T17:26:13","modified_gmt":"2025-07-17T17:26:13","slug":"https-www-autosahkoprofessori-fi-index-php-contact","status":"publish","type":"page","link":"https:\/\/www.autosahkoprofessori.fi\/index.php\/https-www-autosahkoprofessori-fi-index-php-contact\/","title":{"rendered":"Ota yhteytt\u00e4 &#8211; Autos\u00e4hk\u00f6professori Oy"},"content":{"rendered":"\t\t<div data-elementor-type=\"wp-post\" data-elementor-id=\"649\" class=\"elementor elementor-649\">\n\t\t\t\t<div class=\"elementor-element elementor-element-fbbb88f e-flex e-con-boxed e-con e-parent\" data-id=\"fbbb88f\" data-element_type=\"container\" data-e-type=\"container\">\n\t\t\t\t\t<div class=\"e-con-inner\">\n\t\t\t\t<div class=\"elementor-element elementor-element-a2b7059 elementor-widget elementor-widget-spacer\" data-id=\"a2b7059\" data-element_type=\"widget\" data-e-type=\"widget\" data-widget_type=\"spacer.default\">\n\t\t\t\t<div class=\"elementor-widget-container\">\n\t\t\t\t\t\t\t<div class=\"elementor-spacer\">\n\t\t\t<div class=\"elementor-spacer-inner\"><\/div>\n\t\t<\/div>\n\t\t\t\t\t\t<\/div>\n\t\t\t\t<\/div>\n\t\t\t\t\t<\/div>\n\t\t\t\t<\/div>\n\t\t<div class=\"elementor-element elementor-element-93ceff8 e-flex e-con-boxed e-con e-parent\" data-id=\"93ceff8\" data-element_type=\"container\" data-e-type=\"container\">\n\t\t\t\t\t<div class=\"e-con-inner\">\n\t\t\t\t<div class=\"elementor-element elementor-element-a2b3d0f elementor-widget elementor-widget-spacer\" data-id=\"a2b3d0f\" data-element_type=\"widget\" data-e-type=\"widget\" data-widget_type=\"spacer.default\">\n\t\t\t\t<div class=\"elementor-widget-container\">\n\t\t\t\t\t\t\t<div class=\"elementor-spacer\">\n\t\t\t<div class=\"elementor-spacer-inner\"><\/div>\n\t\t<\/div>\n\t\t\t\t\t\t<\/div>\n\t\t\t\t<\/div>\n\t\t\t\t\t<\/div>\n\t\t\t\t<\/div>\n\t\t<div class=\"elementor-element elementor-element-e4ab846 e-flex e-con-boxed e-con e-parent\" data-id=\"e4ab846\" data-element_type=\"container\" data-e-type=\"container\">\n\t\t\t\t\t<div class=\"e-con-inner\">\n\t\t\t\t<div class=\"elementor-element elementor-element-6257630 elementor-widget elementor-widget-spacer\" data-id=\"6257630\" data-element_type=\"widget\" data-e-type=\"widget\" data-widget_type=\"spacer.default\">\n\t\t\t\t<div class=\"elementor-widget-container\">\n\t\t\t\t\t\t\t<div class=\"elementor-spacer\">\n\t\t\t<div class=\"elementor-spacer-inner\"><\/div>\n\t\t<\/div>\n\t\t\t\t\t\t<\/div>\n\t\t\t\t<\/div>\n\t\t\t\t\t<\/div>\n\t\t\t\t<\/div>\n\t\t<div class=\"elementor-element elementor-element-bbc50ab e-flex e-con-boxed e-con e-parent\" data-id=\"bbc50ab\" data-element_type=\"container\" data-e-type=\"container\">\n\t\t\t\t\t<div class=\"e-con-inner\">\n\t\t\t\t<div class=\"elementor-element elementor-element-bbc40e2 elementor-widget elementor-widget-heading\" data-id=\"bbc40e2\" data-element_type=\"widget\" data-e-type=\"widget\" data-widget_type=\"heading.default\">\n\t\t\t\t<div class=\"elementor-widget-container\">\n\t\t\t\t\t<h1 class=\"elementor-heading-title elementor-size-default\">OTA MEIHIN YHTEYTT\u00c4<\/h1>\t\t\t\t<\/div>\n\t\t\t\t<\/div>\n\t\t\t\t\t<\/div>\n\t\t\t\t<\/div>\n\t\t<div class=\"elementor-element elementor-element-418f208 e-flex e-con-boxed e-con e-parent\" data-id=\"418f208\" data-element_type=\"container\" data-e-type=\"container\">\n\t\t\t\t\t<div class=\"e-con-inner\">\n\t\t\t\t<div class=\"elementor-element elementor-element-cd6ceab elementor-widget elementor-widget-spacer\" data-id=\"cd6ceab\" data-element_type=\"widget\" data-e-type=\"widget\" data-widget_type=\"spacer.default\">\n\t\t\t\t<div class=\"elementor-widget-container\">\n\t\t\t\t\t\t\t<div class=\"elementor-spacer\">\n\t\t\t<div class=\"elementor-spacer-inner\"><\/div>\n\t\t<\/div>\n\t\t\t\t\t\t<\/div>\n\t\t\t\t<\/div>\n\t\t\t\t\t<\/div>\n\t\t\t\t<\/div>\n\t\t<div class=\"elementor-element elementor-element-bca731d e-flex e-con-boxed e-con e-parent\" data-id=\"bca731d\" data-element_type=\"container\" data-e-type=\"container\">\n\t\t\t\t\t<div class=\"e-con-inner\">\n\t\t<div class=\"elementor-element elementor-element-3e05ad0 e-con-full e-flex e-con e-child\" data-id=\"3e05ad0\" data-element_type=\"container\" data-e-type=\"container\">\n\t\t\t\t<div class=\"elementor-element elementor-element-b39c6a6 elementor-widget elementor-widget-text-editor\" data-id=\"b39c6a6\" data-element_type=\"widget\" data-e-type=\"widget\" data-widget_type=\"text-editor.default\">\n\t\t\t\t<div class=\"elementor-widget-container\">\n\t\t\t\t\t\t\t\t\t<p>\u00a0<\/p><p>Jos autossasi on jotain vikaa ole meihin rohkeasti yhteydess\u00e4, palvelemme sinua mielell\u00e4mme!<\/p><p>Olemme avoinna arkisin 8:00 &#8211; 17:00 ja sopimuksen mukaan.<\/p><p>\u00a0<\/p><p>\u00a0<\/p>\t\t\t\t\t\t\t\t<\/div>\n\t\t\t\t<\/div>\n\t\t\t\t<\/div>\n\t\t<div class=\"elementor-element elementor-element-e6b56cc e-con-full e-flex e-con e-child\" data-id=\"e6b56cc\" data-element_type=\"container\" data-e-type=\"container\">\n\t\t\t\t<div class=\"elementor-element elementor-element-8c9e66a elementor-widget elementor-widget-image\" data-id=\"8c9e66a\" data-element_type=\"widget\" data-e-type=\"widget\" data-widget_type=\"image.default\">\n\t\t\t\t<div class=\"elementor-widget-container\">\n\t\t\t\t\t\t\t\t\t\t\t\t\t\t\t<img fetchpriority=\"high\" decoding=\"async\" width=\"480\" height=\"640\" src=\"https:\/\/www.autosahkoprofessori.fi\/wp-content\/uploads\/2023\/10\/IMG_3561-rotated.jpg\" class=\"attachment-large size-large wp-image-1828\" alt=\"\" srcset=\"https:\/\/www.autosahkoprofessori.fi\/wp-content\/uploads\/2023\/10\/IMG_3561-rotated.jpg 480w, https:\/\/www.autosahkoprofessori.fi\/wp-content\/uploads\/2023\/10\/IMG_3561-225x300.jpg 225w\" sizes=\"(max-width: 480px) 100vw, 480px\" \/>\t\t\t\t\t\t\t\t\t\t\t\t\t\t\t<\/div>\n\t\t\t\t<\/div>\n\t\t\t\t<\/div>\n\t\t\t\t\t<\/div>\n\t\t\t\t<\/div>\n\t\t<div class=\"elementor-element elementor-element-7f2d43b e-flex e-con-boxed e-con e-parent\" data-id=\"7f2d43b\" data-element_type=\"container\" data-e-type=\"container\">\n\t\t\t\t\t<div class=\"e-con-inner\">\n\t\t\t\t<div class=\"elementor-element elementor-element-2327e1d elementor-widget elementor-widget-spacer\" data-id=\"2327e1d\" data-element_type=\"widget\" data-e-type=\"widget\" data-widget_type=\"spacer.default\">\n\t\t\t\t<div class=\"elementor-widget-container\">\n\t\t\t\t\t\t\t<div class=\"elementor-spacer\">\n\t\t\t<div class=\"elementor-spacer-inner\"><\/div>\n\t\t<\/div>\n\t\t\t\t\t\t<\/div>\n\t\t\t\t<\/div>\n\t\t\t\t\t<\/div>\n\t\t\t\t<\/div>\n\t\t\t\t<section class=\"elementor-section elementor-top-section elementor-element elementor-element-9d848f2 elementor-section-boxed elementor-section-height-default elementor-section-height-default\" data-id=\"9d848f2\" data-element_type=\"section\" data-e-type=\"section\">\n\t\t\t\t\t\t<div class=\"elementor-container elementor-column-gap-no\">\n\t\t\t\t\t<div class=\"elementor-column elementor-col-100 elementor-top-column elementor-element elementor-element-9900846\" data-id=\"9900846\" data-element_type=\"column\" data-e-type=\"column\">\n\t\t\t<div class=\"elementor-widget-wrap elementor-element-populated\">\n\t\t\t\t\t\t<div class=\"elementor-element elementor-element-01a9f60 elementor-widget elementor-widget-google_maps\" data-id=\"01a9f60\" data-element_type=\"widget\" data-e-type=\"widget\" data-widget_type=\"google_maps.default\">\n\t\t\t\t<div class=\"elementor-widget-container\">\n\t\t\t\t\t\t\t<div class=\"elementor-custom-embed\">\n\t\t\t<iframe loading=\"lazy\"\n\t\t\t\t\tsrc=\"https:\/\/maps.google.com\/maps?q=Alakorkalontie%2044%2C%20halli%2014&#038;t=m&#038;z=12&#038;output=embed&#038;iwloc=near\"\n\t\t\t\t\ttitle=\"Alakorkalontie 44, halli 14\"\n\t\t\t\t\taria-label=\"Alakorkalontie 44, halli 14\"\n\t\t\t><\/iframe>\n\t\t<\/div>\n\t\t\t\t\t\t<\/div>\n\t\t\t\t<\/div>\n\t\t\t\t\t<\/div>\n\t\t<\/div>\n\t\t\t\t\t<\/div>\n\t\t<\/section>\n\t\t<div class=\"elementor-element elementor-element-de9071c e-flex e-con-boxed e-con e-parent\" data-id=\"de9071c\" data-element_type=\"container\" data-e-type=\"container\">\n\t\t\t\t\t<div class=\"e-con-inner\">\n\t\t\t\t<div class=\"elementor-element elementor-element-a82181c elementor-widget elementor-widget-spacer\" data-id=\"a82181c\" data-element_type=\"widget\" data-e-type=\"widget\" data-widget_type=\"spacer.default\">\n\t\t\t\t<div class=\"elementor-widget-container\">\n\t\t\t\t\t\t\t<div class=\"elementor-spacer\">\n\t\t\t<div class=\"elementor-spacer-inner\"><\/div>\n\t\t<\/div>\n\t\t\t\t\t\t<\/div>\n\t\t\t\t<\/div>\n\t\t\t\t\t<\/div>\n\t\t\t\t<\/div>\n\t\t\t\t<\/div>\n\t\t","protected":false},"excerpt":{"rendered":"<p>OTA MEIHIN YHTEYTT\u00c4 \u00a0 Jos autossasi on jotain vikaa ole meihin rohkeasti yhteydess\u00e4, palvelemme sinua mielell\u00e4mme! Olemme avoinna arkisin 8:00 &#8211; 17:00 ja sopimuksen mukaan. \u00a0 \u00a0<\/p>\n","protected":false},"author":1,"featured_media":0,"parent":0,"menu_order":0,"comment_status":"closed","ping_status":"closed","template":"","meta":{"_uag_custom_page_level_css":"","site-sidebar-layout":"no-sidebar","site-content-layout":"page-builder","ast-site-content-layout":"full-width-container","site-content-style":"unboxed","site-sidebar-style":"unboxed","ast-global-header-display":"","ast-banner-title-visibility":"","ast-main-header-display":"","ast-hfb-above-header-display":"","ast-hfb-below-header-display":"","ast-hfb-mobile-header-display":"","site-post-title":"disabled","ast-breadcrumbs-content":"","ast-featured-img":"disabled","footer-sml-layout":"","ast-disable-related-posts":"","theme-transparent-header-meta":"enabled","adv-header-id-meta":"","stick-header-meta":"","header-above-stick-meta":"","header-main-stick-meta":"","header-below-stick-meta":"","astra-migrate-meta-layouts":"set","ast-page-background-enabled":"default","ast-page-background-meta":{"desktop":{"background-color":"","background-image":"","background-repeat":"repeat","background-position":"center center","background-size":"auto","background-attachment":"scroll","background-type":"","background-media":"","overlay-type":"","overlay-color":"","overlay-opacity":"","overlay-gradient":""},"tablet":{"background-color":"","background-image":"","background-repeat":"repeat","background-position":"center center","background-size":"auto","background-attachment":"scroll","background-type":"","background-media":"","overlay-type":"","overlay-color":"","overlay-opacity":"","overlay-gradient":""},"mobile":{"background-color":"","background-image":"","background-repeat":"repeat","background-position":"center center","background-size":"auto","background-attachment":"scroll","background-type":"","background-media":"","overlay-type":"","overlay-color":"","overlay-opacity":"","overlay-gradient":""}},"ast-content-background-meta":{"desktop":{"background-color":"var(--ast-global-color-5)","background-image":"","background-repeat":"repeat","background-position":"center center","background-size":"auto","background-attachment":"scroll","background-type":"","background-media":"","overlay-type":"","overlay-color":"","overlay-opacity":"","overlay-gradient":""},"tablet":{"background-color":"var(--ast-global-color-5)","background-image":"","background-repeat":"repeat","background-position":"center center","background-size":"auto","background-attachment":"scroll","background-type":"","background-media":"","overlay-type":"","overlay-color":"","overlay-opacity":"","overlay-gradient":""},"mobile":{"background-color":"var(--ast-global-color-5)","background-image":"","background-repeat":"repeat","background-position":"center center","background-size":"auto","background-attachment":"scroll","background-type":"","background-media":"","overlay-type":"","overlay-color":"","overlay-opacity":"","overlay-gradient":""}},"footnotes":""},"class_list":["post-649","page","type-page","status-publish","hentry"],"yoast_head":"<!-- This site is optimized with the Yoast SEO plugin v25.6 - https:\/\/yoast.com\/wordpress\/plugins\/seo\/ -->\n<title>Ota yhteytt\u00e4 - Autos\u00e4hk\u00f6professori Oy -<\/title>\n<meta name=\"description\" content=\"Jos autossasi on jotain vikaa ole meihin rohkeasti yhteydess\u00e4, palvelemme sinua mielell\u00e4mme!sivuiltamme l\u00f6yd\u00e4t my\u00f6s k\u00e4tev\u00e4n yhteydenottolomakkeen johon pyrimme vastaamaan mahdollisimman pian.Olemme avoinna arkisin 8:00 \u2013 17:00 ja sopimuksen mukaan.\" \/>\n<meta name=\"robots\" content=\"index, follow, max-snippet:-1, max-image-preview:large, max-video-preview:-1\" \/>\n<link rel=\"canonical\" href=\"https:\/\/www.autosahkoprofessori.fi\/index.php\/https-www-autosahkoprofessori-fi-index-php-contact\/\" \/>\n<meta property=\"og:locale\" content=\"fi_FI\" \/>\n<meta property=\"og:type\" content=\"article\" \/>\n<meta property=\"og:title\" content=\"Ota yhteytt\u00e4 - Autos\u00e4hk\u00f6professori Oy -\" \/>\n<meta property=\"og:description\" content=\"Jos autossasi on jotain vikaa ole meihin rohkeasti yhteydess\u00e4, palvelemme sinua mielell\u00e4mme!sivuiltamme l\u00f6yd\u00e4t my\u00f6s k\u00e4tev\u00e4n yhteydenottolomakkeen johon pyrimme vastaamaan mahdollisimman pian.Olemme avoinna arkisin 8:00 \u2013 17:00 ja sopimuksen mukaan.\" \/>\n<meta property=\"og:url\" content=\"https:\/\/www.autosahkoprofessori.fi\/index.php\/https-www-autosahkoprofessori-fi-index-php-contact\/\" \/>\n<meta property=\"article:modified_time\" content=\"2025-07-17T17:26:13+00:00\" \/>\n<meta property=\"og:image\" content=\"https:\/\/www.autosahkoprofessori.fi\/wp-content\/uploads\/2023\/10\/IMG_3561-rotated.jpg\" \/>\n\t<meta property=\"og:image:width\" content=\"480\" \/>\n\t<meta property=\"og:image:height\" content=\"640\" \/>\n\t<meta property=\"og:image:type\" content=\"image\/jpeg\" \/>\n<meta name=\"twitter:card\" content=\"summary_large_image\" \/>\n<meta name=\"twitter:label1\" content=\"Arvioitu lukuaika\" \/>\n\t<meta name=\"twitter:data1\" content=\"1 minuutti\" \/>\n<script type=\"application\/ld+json\" class=\"yoast-schema-graph\">{\"@context\":\"https:\/\/schema.org\",\"@graph\":[{\"@type\":\"WebPage\",\"@id\":\"https:\/\/www.autosahkoprofessori.fi\/index.php\/https-www-autosahkoprofessori-fi-index-php-contact\/\",\"url\":\"https:\/\/www.autosahkoprofessori.fi\/index.php\/https-www-autosahkoprofessori-fi-index-php-contact\/\",\"name\":\"Ota yhteytt\u00e4 - Autos\u00e4hk\u00f6professori Oy -\",\"isPartOf\":{\"@id\":\"https:\/\/www.autosahkoprofessori.fi\/#website\"},\"primaryImageOfPage\":{\"@id\":\"https:\/\/www.autosahkoprofessori.fi\/index.php\/https-www-autosahkoprofessori-fi-index-php-contact\/#primaryimage\"},\"image\":{\"@id\":\"https:\/\/www.autosahkoprofessori.fi\/index.php\/https-www-autosahkoprofessori-fi-index-php-contact\/#primaryimage\"},\"thumbnailUrl\":\"https:\/\/www.autosahkoprofessori.fi\/wp-content\/uploads\/2023\/10\/IMG_3561-rotated.jpg\",\"datePublished\":\"2017-10-04T04:07:35+00:00\",\"dateModified\":\"2025-07-17T17:26:13+00:00\",\"description\":\"Jos autossasi on jotain vikaa ole meihin rohkeasti yhteydess\u00e4, palvelemme sinua mielell\u00e4mme!sivuiltamme l\u00f6yd\u00e4t my\u00f6s k\u00e4tev\u00e4n yhteydenottolomakkeen johon pyrimme vastaamaan mahdollisimman pian.Olemme avoinna arkisin 8:00 \u2013 17:00 ja sopimuksen mukaan.\",\"breadcrumb\":{\"@id\":\"https:\/\/www.autosahkoprofessori.fi\/index.php\/https-www-autosahkoprofessori-fi-index-php-contact\/#breadcrumb\"},\"inLanguage\":\"fi\",\"potentialAction\":[{\"@type\":\"ReadAction\",\"target\":[\"https:\/\/www.autosahkoprofessori.fi\/index.php\/https-www-autosahkoprofessori-fi-index-php-contact\/\"]}]},{\"@type\":\"ImageObject\",\"inLanguage\":\"fi\",\"@id\":\"https:\/\/www.autosahkoprofessori.fi\/index.php\/https-www-autosahkoprofessori-fi-index-php-contact\/#primaryimage\",\"url\":\"https:\/\/www.autosahkoprofessori.fi\/wp-content\/uploads\/2023\/10\/IMG_3561-rotated.jpg\",\"contentUrl\":\"https:\/\/www.autosahkoprofessori.fi\/wp-content\/uploads\/2023\/10\/IMG_3561-rotated.jpg\",\"width\":480,\"height\":640},{\"@type\":\"BreadcrumbList\",\"@id\":\"https:\/\/www.autosahkoprofessori.fi\/index.php\/https-www-autosahkoprofessori-fi-index-php-contact\/#breadcrumb\",\"itemListElement\":[{\"@type\":\"ListItem\",\"position\":1,\"name\":\"Etusivu\",\"item\":\"https:\/\/www.autosahkoprofessori.fi\/\"},{\"@type\":\"ListItem\",\"position\":2,\"name\":\"Ota yhteytt\u00e4 &#8211; Autos\u00e4hk\u00f6professori Oy\"}]},{\"@type\":\"WebSite\",\"@id\":\"https:\/\/www.autosahkoprofessori.fi\/#website\",\"url\":\"https:\/\/www.autosahkoprofessori.fi\/\",\"name\":\"Autos\u00e4hk\u00f6professori Oy\",\"description\":\"\",\"publisher\":{\"@id\":\"https:\/\/www.autosahkoprofessori.fi\/#organization\"},\"potentialAction\":[{\"@type\":\"SearchAction\",\"target\":{\"@type\":\"EntryPoint\",\"urlTemplate\":\"https:\/\/www.autosahkoprofessori.fi\/?s={search_term_string}\"},\"query-input\":{\"@type\":\"PropertyValueSpecification\",\"valueRequired\":true,\"valueName\":\"search_term_string\"}}],\"inLanguage\":\"fi\"},{\"@type\":\"Organization\",\"@id\":\"https:\/\/www.autosahkoprofessori.fi\/#organization\",\"name\":\"Autos\u00e4hk\u00f6professori Oy\",\"url\":\"https:\/\/www.autosahkoprofessori.fi\/\",\"logo\":{\"@type\":\"ImageObject\",\"inLanguage\":\"fi\",\"@id\":\"https:\/\/www.autosahkoprofessori.fi\/#\/schema\/logo\/image\/\",\"url\":\"https:\/\/www.autosahkoprofessori.fi\/wp-content\/uploads\/2023\/10\/autosahkoprofessori-logo_2022-musta.jpg\",\"contentUrl\":\"https:\/\/www.autosahkoprofessori.fi\/wp-content\/uploads\/2023\/10\/autosahkoprofessori-logo_2022-musta.jpg\",\"width\":1200,\"height\":504,\"caption\":\"Autos\u00e4hk\u00f6professori Oy\"},\"image\":{\"@id\":\"https:\/\/www.autosahkoprofessori.fi\/#\/schema\/logo\/image\/\"}}]}<\/script>\n<!-- \/ Yoast SEO plugin. -->","yoast_head_json":{"title":"Ota yhteytt\u00e4 - Autos\u00e4hk\u00f6professori Oy -","description":"Jos autossasi on jotain vikaa ole meihin rohkeasti yhteydess\u00e4, palvelemme sinua mielell\u00e4mme!sivuiltamme l\u00f6yd\u00e4t my\u00f6s k\u00e4tev\u00e4n yhteydenottolomakkeen johon pyrimme vastaamaan mahdollisimman pian.Olemme avoinna arkisin 8:00 \u2013 17:00 ja sopimuksen mukaan.","robots":{"index":"index","follow":"follow","max-snippet":"max-snippet:-1","max-image-preview":"max-image-preview:large","max-video-preview":"max-video-preview:-1"},"canonical":"https:\/\/www.autosahkoprofessori.fi\/index.php\/https-www-autosahkoprofessori-fi-index-php-contact\/","og_locale":"fi_FI","og_type":"article","og_title":"Ota yhteytt\u00e4 - Autos\u00e4hk\u00f6professori Oy -","og_description":"Jos autossasi on jotain vikaa ole meihin rohkeasti yhteydess\u00e4, palvelemme sinua mielell\u00e4mme!sivuiltamme l\u00f6yd\u00e4t my\u00f6s k\u00e4tev\u00e4n yhteydenottolomakkeen johon pyrimme vastaamaan mahdollisimman pian.Olemme avoinna arkisin 8:00 \u2013 17:00 ja sopimuksen mukaan.","og_url":"https:\/\/www.autosahkoprofessori.fi\/index.php\/https-www-autosahkoprofessori-fi-index-php-contact\/","article_modified_time":"2025-07-17T17:26:13+00:00","og_image":[{"width":480,"height":640,"url":"https:\/\/www.autosahkoprofessori.fi\/wp-content\/uploads\/2023\/10\/IMG_3561-rotated.jpg","type":"image\/jpeg"}],"twitter_card":"summary_large_image","twitter_misc":{"Arvioitu lukuaika":"1 minuutti"},"schema":{"@context":"https:\/\/schema.org","@graph":[{"@type":"WebPage","@id":"https:\/\/www.autosahkoprofessori.fi\/index.php\/https-www-autosahkoprofessori-fi-index-php-contact\/","url":"https:\/\/www.autosahkoprofessori.fi\/index.php\/https-www-autosahkoprofessori-fi-index-php-contact\/","name":"Ota yhteytt\u00e4 - Autos\u00e4hk\u00f6professori Oy -","isPartOf":{"@id":"https:\/\/www.autosahkoprofessori.fi\/#website"},"primaryImageOfPage":{"@id":"https:\/\/www.autosahkoprofessori.fi\/index.php\/https-www-autosahkoprofessori-fi-index-php-contact\/#primaryimage"},"image":{"@id":"https:\/\/www.autosahkoprofessori.fi\/index.php\/https-www-autosahkoprofessori-fi-index-php-contact\/#primaryimage"},"thumbnailUrl":"https:\/\/www.autosahkoprofessori.fi\/wp-content\/uploads\/2023\/10\/IMG_3561-rotated.jpg","datePublished":"2017-10-04T04:07:35+00:00","dateModified":"2025-07-17T17:26:13+00:00","description":"Jos autossasi on jotain vikaa ole meihin rohkeasti yhteydess\u00e4, palvelemme sinua mielell\u00e4mme!sivuiltamme l\u00f6yd\u00e4t my\u00f6s k\u00e4tev\u00e4n yhteydenottolomakkeen johon pyrimme vastaamaan mahdollisimman pian.Olemme avoinna arkisin 8:00 \u2013 17:00 ja sopimuksen mukaan.","breadcrumb":{"@id":"https:\/\/www.autosahkoprofessori.fi\/index.php\/https-www-autosahkoprofessori-fi-index-php-contact\/#breadcrumb"},"inLanguage":"fi","potentialAction":[{"@type":"ReadAction","target":["https:\/\/www.autosahkoprofessori.fi\/index.php\/https-www-autosahkoprofessori-fi-index-php-contact\/"]}]},{"@type":"ImageObject","inLanguage":"fi","@id":"https:\/\/www.autosahkoprofessori.fi\/index.php\/https-www-autosahkoprofessori-fi-index-php-contact\/#primaryimage","url":"https:\/\/www.autosahkoprofessori.fi\/wp-content\/uploads\/2023\/10\/IMG_3561-rotated.jpg","contentUrl":"https:\/\/www.autosahkoprofessori.fi\/wp-content\/uploads\/2023\/10\/IMG_3561-rotated.jpg","width":480,"height":640},{"@type":"BreadcrumbList","@id":"https:\/\/www.autosahkoprofessori.fi\/index.php\/https-www-autosahkoprofessori-fi-index-php-contact\/#breadcrumb","itemListElement":[{"@type":"ListItem","position":1,"name":"Etusivu","item":"https:\/\/www.autosahkoprofessori.fi\/"},{"@type":"ListItem","position":2,"name":"Ota yhteytt\u00e4 &#8211; Autos\u00e4hk\u00f6professori Oy"}]},{"@type":"WebSite","@id":"https:\/\/www.autosahkoprofessori.fi\/#website","url":"https:\/\/www.autosahkoprofessori.fi\/","name":"Autos\u00e4hk\u00f6professori Oy","description":"","publisher":{"@id":"https:\/\/www.autosahkoprofessori.fi\/#organization"},"potentialAction":[{"@type":"SearchAction","target":{"@type":"EntryPoint","urlTemplate":"https:\/\/www.autosahkoprofessori.fi\/?s={search_term_string}"},"query-input":{"@type":"PropertyValueSpecification","valueRequired":true,"valueName":"search_term_string"}}],"inLanguage":"fi"},{"@type":"Organization","@id":"https:\/\/www.autosahkoprofessori.fi\/#organization","name":"Autos\u00e4hk\u00f6professori Oy","url":"https:\/\/www.autosahkoprofessori.fi\/","logo":{"@type":"ImageObject","inLanguage":"fi","@id":"https:\/\/www.autosahkoprofessori.fi\/#\/schema\/logo\/image\/","url":"https:\/\/www.autosahkoprofessori.fi\/wp-content\/uploads\/2023\/10\/autosahkoprofessori-logo_2022-musta.jpg","contentUrl":"https:\/\/www.autosahkoprofessori.fi\/wp-content\/uploads\/2023\/10\/autosahkoprofessori-logo_2022-musta.jpg","width":1200,"height":504,"caption":"Autos\u00e4hk\u00f6professori Oy"},"image":{"@id":"https:\/\/www.autosahkoprofessori.fi\/#\/schema\/logo\/image\/"}}]}},"uagb_featured_image_src":{"full":false,"thumbnail":false,"medium":false,"medium_large":false,"large":false,"1536x1536":false,"2048x2048":false},"uagb_author_info":{"display_name":"admin","author_link":"https:\/\/www.autosahkoprofessori.fi\/index.php\/author\/admin\/"},"uagb_comment_info":0,"uagb_excerpt":"OTA MEIHIN YHTEYTT\u00c4 \u00a0 Jos autossasi on jotain vikaa ole meihin rohkeasti yhteydess\u00e4, palvelemme sinua mielell\u00e4mme! Olemme avoinna arkisin 8:00 &#8211; 17:00 ja sopimuksen mukaan. \u00a0 \u00a0","_links":{"self":[{"href":"https:\/\/www.autosahkoprofessori.fi\/index.php\/wp-json\/wp\/v2\/pages\/649"}],"collection":[{"href":"https:\/\/www.autosahkoprofessori.fi\/index.php\/wp-json\/wp\/v2\/pages"}],"about":[{"href":"https:\/\/www.autosahkoprofessori.fi\/index.php\/wp-json\/wp\/v2\/types\/page"}],"author":[{"embeddable":true,"href":"https:\/\/www.autosahkoprofessori.fi\/index.php\/wp-json\/wp\/v2\/users\/1"}],"replies":[{"embeddable":true,"href":"https:\/\/www.autosahkoprofessori.fi\/index.php\/wp-json\/wp\/v2\/comments?post=649"}],"version-history":[{"count":26,"href":"https:\/\/www.autosahkoprofessori.fi\/index.php\/wp-json\/wp\/v2\/pages\/649\/revisions"}],"predecessor-version":[{"id":2027,"href":"https:\/\/www.autosahkoprofessori.fi\/index.php\/wp-json\/wp\/v2\/pages\/649\/revisions\/2027"}],"wp:attachment":[{"href":"https:\/\/www.autosahkoprofessori.fi\/index.php\/wp-json\/wp\/v2\/media?parent=649"}],"curies":[{"name":"wp","href":"https:\/\/api.w.org\/{rel}","templated":true}]}}